{"id":1876,"date":"2020-10-02T18:47:54","date_gmt":"2020-10-02T18:47:54","guid":{"rendered":"http:\/\/54.145.178.132\/?page_id=1876"},"modified":"2023-09-16T16:03:25","modified_gmt":"2023-09-16T20:03:25","slug":"environmental-awareness","status":"publish","type":"page","link":"https:\/\/spmedflix.com\/es\/environmental-awareness\/","title":{"rendered":"Conciencia Ambiental"},"content":{"rendered":"<div data-elementor-type=\"wp-page\" data-elementor-id=\"1876\" class=\"elementor elementor-1876\" data-elementor-post-type=\"page\">\n\t\t\t\t\t\t<section class=\"elementor-section elementor-top-section elementor-element elementor-element-579e913 elementor-section-height-min-height elementor-section-boxed elementor-section-height-default elementor-section-items-middle\" data-id=\"579e913\" data-element_type=\"section\" data-settings=\"{&quot;background_background&quot;:&quot;classic&quot;}\">\n\t\t\t\t\t\t\t<div class=\"elementor-background-overlay\"><\/div>\n\t\t\t\t\t\t\t<div class=\"elementor-container elementor-column-gap-default\">\n\t\t\t\t\t<div class=\"elementor-column elementor-col-100 elementor-top-column elementor-element elementor-element-0ce44f6\" data-id=\"0ce44f6\" data-element_type=\"column\">\n\t\t\t<div class=\"elementor-widget-wrap elementor-element-populated\">\n\t\t\t\t\t\t<div class=\"elementor-element elementor-element-7efcb84 elementor-widget elementor-widget-heading\" data-id=\"7efcb84\" data-element_type=\"widget\" data-widget_type=\"heading.default\">\n\t\t\t\t<div class=\"elementor-widget-container\">\n\t\t\t<h2 class=\"elementor-heading-title elementor-size-default\">Conciencia Ambiental<\/h2>\t\t<\/div>\n\t\t\t\t<\/div>\n\t\t\t\t\t<\/div>\n\t\t<\/div>\n\t\t\t\t\t<\/div>\n\t\t<\/section>\n\t\t\t\t<section class=\"elementor-section elementor-top-section elementor-element elementor-element-e89889f elementor-section-boxed elementor-section-height-default elementor-section-height-default\" data-id=\"e89889f\" data-element_type=\"section\">\n\t\t\t\t\t\t<div class=\"elementor-container elementor-column-gap-default\">\n\t\t\t\t\t<div class=\"elementor-column elementor-col-100 elementor-top-column elementor-element elementor-element-5e563b9\" data-id=\"5e563b9\" data-element_type=\"column\">\n\t\t\t<div class=\"elementor-widget-wrap elementor-element-populated\">\n\t\t\t\t\t\t<section class=\"elementor-section elementor-inner-section elementor-element elementor-element-87e58a6 elementor-section-boxed elementor-section-height-default elementor-section-height-default\" data-id=\"87e58a6\" data-element_type=\"section\">\n\t\t\t\t\t\t<div class=\"elementor-container elementor-column-gap-default\">\n\t\t\t\t\t<div class=\"elementor-column elementor-col-100 elementor-inner-column elementor-element elementor-element-44146bd\" data-id=\"44146bd\" data-element_type=\"column\" data-settings=\"{&quot;background_background&quot;:&quot;classic&quot;}\">\n\t\t\t<div class=\"elementor-widget-wrap elementor-element-populated\">\n\t\t\t\t\t<div class=\"elementor-background-overlay\"><\/div>\n\t\t\t\t\t\t<div class=\"elementor-element elementor-element-9296032 elementor-widget elementor-widget-image\" data-id=\"9296032\" data-element_type=\"widget\" data-widget_type=\"image.default\">\n\t\t\t\t<div class=\"elementor-widget-container\">\n\t\t\t\t\t\t\t\t\t\t\t\t\t<img fetchpriority=\"high\" decoding=\"async\" width=\"1024\" height=\"589\" src=\"https:\/\/spmedflix.com\/wp-content\/uploads\/2022\/03\/environmental1-1024x589.png\" class=\"attachment-large size-large wp-image-3210\" alt=\"\" srcset=\"https:\/\/spmedflix.com\/wp-content\/uploads\/2022\/03\/environmental1-1024x589.png 1024w, https:\/\/spmedflix.com\/wp-content\/uploads\/2022\/03\/environmental1-300x173.png 300w, https:\/\/spmedflix.com\/wp-content\/uploads\/2022\/03\/environmental1-768x442.png 768w, https:\/\/spmedflix.com\/wp-content\/uploads\/2022\/03\/environmental1-18x10.png 18w, https:\/\/spmedflix.com\/wp-content\/uploads\/2022\/03\/environmental1.png 1425w\" sizes=\"(max-width: 1024px) 100vw, 1024px\" \/>\t\t\t\t\t\t\t\t\t\t\t\t\t<\/div>\n\t\t\t\t<\/div>\n\t\t\t\t\t<\/div>\n\t\t<\/div>\n\t\t\t\t\t<\/div>\n\t\t<\/section>\n\t\t\t\t\t<\/div>\n\t\t<\/div>\n\t\t\t\t\t<\/div>\n\t\t<\/section>\n\t\t\t\t<section class=\"elementor-section elementor-top-section elementor-element elementor-element-b63781e elementor-section-boxed elementor-section-height-default elementor-section-height-default\" data-id=\"b63781e\" data-element_type=\"section\">\n\t\t\t\t\t\t<div class=\"elementor-container elementor-column-gap-default\">\n\t\t\t\t\t<div class=\"elementor-column elementor-col-33 elementor-top-column elementor-element elementor-element-a21dfb8\" data-id=\"a21dfb8\" data-element_type=\"column\">\n\t\t\t<div class=\"elementor-widget-wrap\">\n\t\t\t\t\t\t\t<\/div>\n\t\t<\/div>\n\t\t\t\t<div class=\"elementor-column elementor-col-33 elementor-top-column elementor-element elementor-element-2ca0949\" data-id=\"2ca0949\" data-element_type=\"column\">\n\t\t\t<div class=\"elementor-widget-wrap elementor-element-populated\">\n\t\t\t\t\t\t<div class=\"elementor-element elementor-element-dd4f01d elementor-widget elementor-widget-video\" data-id=\"dd4f01d\" data-element_type=\"widget\" data-settings=\"{&quot;youtube_url&quot;:&quot;https:\\\/\\\/www.youtube.com\\\/watch?v=nvSR756H4e4&quot;,&quot;video_type&quot;:&quot;youtube&quot;,&quot;controls&quot;:&quot;yes&quot;}\" data-widget_type=\"video.default\">\n\t\t\t\t<div class=\"elementor-widget-container\">\n\t\t\t\t\t<div class=\"elementor-wrapper elementor-open-inline\">\n\t\t\t<div class=\"elementor-video\"><\/div>\t\t<\/div>\n\t\t\t\t<\/div>\n\t\t\t\t<\/div>\n\t\t\t\t<div class=\"elementor-element elementor-element-b128f17 elementor-widget elementor-widget-text-editor\" data-id=\"b128f17\" data-element_type=\"widget\" data-widget_type=\"text-editor.default\">\n\t\t\t\t<div class=\"elementor-widget-container\">\n\t\t\t\t\t\t\t<p>San Patricio MEDFLIX ha adoptado la conciencia ambiental como parte de la cultura corporativa del Centro. Hemos estado comprometidos con la salud de nuestros pacientes y parte integral de esa salud es el balance y la salud de nuestro Planeta.<\/p><p>Como parte de este esfuerzo se ha reducido la utilizaci\u00f3n de papel en nuestras operaciones diarias, se han hecho ajustes en la conservaci\u00f3n de energ\u00eda adem\u00e1s de unirnos a la iniciativa de conservaci\u00f3n y protecci\u00f3n del ambiente impulsada por Siemens Healthcare: Proven Excellence Sustainable Impact Program. Al comprar nuestros equipos Proven Excellence System estamos ayudando a reducir 20,000 toneladas de di\u00f3xido de carbono por a\u00f1o adem\u00e1s de aportar a la reforestaci\u00f3n del Parque Nacional de Sebangau.<\/p>\t\t\t\t\t\t<\/div>\n\t\t\t\t<\/div>\n\t\t\t\t<div class=\"elementor-element elementor-element-4af721e elementor-widget elementor-widget-heading\" data-id=\"4af721e\" data-element_type=\"widget\" data-widget_type=\"heading.default\">\n\t\t\t\t<div class=\"elementor-widget-container\">\n\t\t\t<h2 class=\"elementor-heading-title elementor-size-default\">Medidas de Sustentabilidad<\/h2>\t\t<\/div>\n\t\t\t\t<\/div>\n\t\t\t\t<div class=\"elementor-element elementor-element-ac58029 elementor-widget elementor-widget-text-editor\" data-id=\"ac58029\" data-element_type=\"widget\" data-widget_type=\"text-editor.default\">\n\t\t\t\t<div class=\"elementor-widget-container\">\n\t\t\t\t\t\t\t<ul><li><p><span data-tt=\"{&quot;paragraphStyle&quot;:{&quot;alignment&quot;:4,&quot;style&quot;:103,&quot;indent&quot;:1,&quot;todo&quot;:{&quot;todoUUID&quot;:{&quot;0&quot;:87,&quot;1&quot;:104,&quot;2&quot;:40,&quot;3&quot;:222,&quot;4&quot;:243,&quot;5&quot;:163,&quot;6&quot;:37,&quot;7&quot;:12,&quot;8&quot;:95,&quot;9&quot;:28,&quot;10&quot;:218,&quot;11&quot;:86,&quot;12&quot;:206,&quot;13&quot;:148,&quot;14&quot;:147,&quot;15&quot;:58},&quot;done&quot;:false}},&quot;fontHints&quot;:1}\">Resultados e im\u00e1genes en formato digital:<\/span><span data-tt=\"{&quot;paragraphStyle&quot;:{&quot;alignment&quot;:4,&quot;style&quot;:103,&quot;indent&quot;:1,&quot;todo&quot;:{&quot;todoUUID&quot;:{&quot;0&quot;:87,&quot;1&quot;:104,&quot;2&quot;:40,&quot;3&quot;:222,&quot;4&quot;:243,&quot;5&quot;:163,&quot;6&quot;:37,&quot;7&quot;:12,&quot;8&quot;:95,&quot;9&quot;:28,&quot;10&quot;:218,&quot;11&quot;:86,&quot;12&quot;:206,&quot;13&quot;:148,&quot;14&quot;:147,&quot;15&quot;:58},&quot;done&quot;:false}}}\">Con esta tecnolog\u00eda reducimos el impacto ambiental de generar documentos, micas y CD lo que termina en desperdicios que tardan muchos a\u00f1os en descomponerse.<\/span><\/p><\/li><li><p><span data-tt=\"{&quot;paragraphStyle&quot;:{&quot;alignment&quot;:4,&quot;style&quot;:103,&quot;indent&quot;:1,&quot;todo&quot;:{&quot;todoUUID&quot;:{&quot;0&quot;:85,&quot;1&quot;:226,&quot;2&quot;:110,&quot;3&quot;:235,&quot;4&quot;:255,&quot;5&quot;:79,&quot;6&quot;:204,&quot;7&quot;:56,&quot;8&quot;:72,&quot;9&quot;:20,&quot;10&quot;:228,&quot;11&quot;:179,&quot;12&quot;:155,&quot;13&quot;:222,&quot;14&quot;:225,&quot;15&quot;:33},&quot;done&quot;:false}}}\">Evaluaci\u00f3n constante del uso de papel en nuestras tareas administrativas, centr\u00e1ndonos en las comunicaciones a trav\u00e9s de correos electr\u00f3nicos, notas electr\u00f3nicas e impresi\u00f3n en ambas caras de cada papel.\u00a0\u00a0<\/span><\/p><\/li><li><p><span data-tt=\"{&quot;paragraphStyle&quot;:{&quot;alignment&quot;:4,&quot;style&quot;:103,&quot;indent&quot;:1,&quot;todo&quot;:{&quot;todoUUID&quot;:{&quot;0&quot;:119,&quot;1&quot;:105,&quot;2&quot;:54,&quot;3&quot;:111,&quot;4&quot;:20,&quot;5&quot;:43,&quot;6&quot;:250,&quot;7&quot;:227,&quot;8&quot;:88,&quot;9&quot;:104,&quot;10&quot;:199,&quot;11&quot;:85,&quot;12&quot;:238,&quot;13&quot;:15,&quot;14&quot;:166,&quot;15&quot;:232},&quot;done&quot;:false}}}\">Apagar las luces de las zonas que no se utilizan; desenchufar las cargas de m\u00f3viles y aparatos que no se usan.\u00a0<\/span><\/p><\/li><li><p><span data-tt=\"{&quot;paragraphStyle&quot;:{&quot;alignment&quot;:4,&quot;style&quot;:103,&quot;indent&quot;:1,&quot;todo&quot;:{&quot;todoUUID&quot;:{&quot;0&quot;:4,&quot;1&quot;:241,&quot;2&quot;:40,&quot;3&quot;:202,&quot;4&quot;:138,&quot;5&quot;:19,&quot;6&quot;:11,&quot;7&quot;:52,&quot;8&quot;:124,&quot;9&quot;:151,&quot;10&quot;:53,&quot;11&quot;:41,&quot;12&quot;:107,&quot;13&quot;:96,&quot;14&quot;:249,&quot;15&quot;:70},&quot;done&quot;:false}}}\">Fomentar el reciclaje atrav\u00e9s de c\u00e1psulas educativas que se transmiten en nuestras redes sociales.<\/span><\/p><\/li><li><p><span data-tt=\"{&quot;paragraphStyle&quot;:{&quot;alignment&quot;:4,&quot;style&quot;:103,&quot;indent&quot;:1,&quot;todo&quot;:{&quot;todoUUID&quot;:{&quot;0&quot;:209,&quot;1&quot;:26,&quot;2&quot;:185,&quot;3&quot;:176,&quot;4&quot;:70,&quot;5&quot;:125,&quot;6&quot;:11,&quot;7&quot;:66,&quot;8&quot;:34,&quot;9&quot;:5,&quot;10&quot;:242,&quot;11&quot;:67,&quot;12&quot;:68,&quot;13&quot;:105,&quot;14&quot;:93,&quot;15&quot;:53},&quot;done&quot;:false}}}\">El uso de utensilios; tales como vasos, platos y cubiertos no desechables; reduciendo la basura que se genera diariamente.<\/span><\/p><\/li><\/ul>\t\t\t\t\t\t<\/div>\n\t\t\t\t<\/div>\n\t\t\t\t\t<\/div>\n\t\t<\/div>\n\t\t\t\t<div class=\"elementor-column elementor-col-33 elementor-top-column elementor-element elementor-element-f8444c7\" data-id=\"f8444c7\" data-element_type=\"column\">\n\t\t\t<div class=\"elementor-widget-wrap\">\n\t\t\t\t\t\t\t<\/div>\n\t\t<\/div>\n\t\t\t\t\t<\/div>\n\t\t<\/section>\n\t\t\t\t<section class=\"elementor-section elementor-top-section elementor-element elementor-element-5051da2 elementor-section-full_width elementor-section-height-default elementor-section-height-default\" data-id=\"5051da2\" data-element_type=\"section\">\n\t\t\t\t\t\t<div class=\"elementor-container elementor-column-gap-default\">\n\t\t\t\t\t<div class=\"elementor-column elementor-col-100 elementor-top-column elementor-element elementor-element-56831ee\" data-id=\"56831ee\" data-element_type=\"column\">\n\t\t\t<div class=\"elementor-widget-wrap elementor-element-populated\">\n\t\t\t\t\t\t<div class=\"elementor-element elementor-element-54036aa elementor-widget elementor-widget-template\" data-id=\"54036aa\" data-element_type=\"widget\" data-widget_type=\"template.default\">\n\t\t\t\t<div class=\"elementor-widget-container\">\n\t\t\t\t\t<div class=\"elementor-template\">\n\t\t\t\t\t<div data-elementor-type=\"section\" data-elementor-id=\"2134\" class=\"elementor elementor-2134\" data-elementor-post-type=\"elementor_library\">\n\t\t\t\t\t<section class=\"elementor-section elementor-top-section elementor-element elementor-element-32b738ee elementor-section-boxed elementor-section-height-default elementor-section-height-default\" data-id=\"32b738ee\" data-element_type=\"section\" data-settings=\"{&quot;background_background&quot;:&quot;classic&quot;}\">\n\t\t\t\t\t\t<div class=\"elementor-container elementor-column-gap-no\">\n\t\t\t\t\t<div class=\"elementor-column elementor-col-50 elementor-top-column elementor-element elementor-element-645ae32a\" data-id=\"645ae32a\" data-element_type=\"column\">\n\t\t\t<div class=\"elementor-widget-wrap elementor-element-populated\">\n\t\t\t\t\t\t<div class=\"elementor-element elementor-element-12b42863 elementor-headline--style-highlight elementor-widget elementor-widget-animated-headline\" data-id=\"12b42863\" data-element_type=\"widget\" data-settings=\"{&quot;highlighted_text&quot;:&quot;appointment?&quot;,&quot;marker&quot;:&quot;underline&quot;,&quot;headline_style&quot;:&quot;highlight&quot;,&quot;loop&quot;:&quot;yes&quot;,&quot;highlight_animation_duration&quot;:1200,&quot;highlight_iteration_delay&quot;:8000}\" data-widget_type=\"animated-headline.default\">\n\t\t\t\t<div class=\"elementor-widget-container\">\n\t\t\t\t\t<h3 class=\"elementor-headline\">\n\t\t\t\t\t<span class=\"elementor-headline-plain-text elementor-headline-text-wrapper\">\u00bfDesea solicitar una <\/span>\n\t\t\t\t<span class=\"elementor-headline-dynamic-wrapper elementor-headline-text-wrapper\">\n\t\t\t\t\t<span class=\"elementor-headline-dynamic-text elementor-headline-text-active\">cita?<\/span>\n\t\t\t\t<\/span>\n\t\t\t\t<\/h3>\n\t\t\t\t<\/div>\n\t\t\t\t<\/div>\n\t\t\t\t<div class=\"elementor-element elementor-element-7ad0a13d elementor-widget elementor-widget-heading\" data-id=\"7ad0a13d\" data-element_type=\"widget\" data-widget_type=\"heading.default\">\n\t\t\t\t<div class=\"elementor-widget-container\">\n\t\t\t<h2 class=\"elementor-heading-title elementor-size-default translation-block\">Ahora puede solicitar citas en l\u00ednea<br>con San Patricio MEDFLIX.<\/h2>\t\t<\/div>\n\t\t\t\t<\/div>\n\t\t\t\t<div class=\"elementor-element elementor-element-56bf5d34 elementor-align-right elementor-tablet-align-center elementor-hidden-desktop elementor-widget elementor-widget-button\" data-id=\"56bf5d34\" data-element_type=\"widget\" data-widget_type=\"button.default\">\n\t\t\t\t<div class=\"elementor-widget-container\">\n\t\t\t\t\t<div class=\"elementor-button-wrapper\">\n\t\t\t<a class=\"elementor-button elementor-button-link elementor-size-lg\" href=\"\/es\/appointments\/\">\n\t\t\t\t\t\t<span class=\"elementor-button-content-wrapper\">\n\t\t\t\t\t\t\t\t\t<span class=\"elementor-button-text\">Ver M\u00e1s<\/span>\n\t\t\t\t\t<\/span>\n\t\t\t\t\t<\/a>\n\t\t<\/div>\n\t\t\t\t<\/div>\n\t\t\t\t<\/div>\n\t\t\t\t\t<\/div>\n\t\t<\/div>\n\t\t\t\t<div class=\"elementor-column elementor-col-50 elementor-top-column elementor-element elementor-element-1fc08b20 elementor-hidden-tablet elementor-hidden-phone\" data-id=\"1fc08b20\" data-element_type=\"column\">\n\t\t\t<div class=\"elementor-widget-wrap elementor-element-populated\">\n\t\t\t\t\t\t<div class=\"elementor-element elementor-element-7c36b1e elementor-align-right elementor-tablet-align-center elementor-widget elementor-widget-button\" data-id=\"7c36b1e\" data-element_type=\"widget\" data-widget_type=\"button.default\">\n\t\t\t\t<div class=\"elementor-widget-container\">\n\t\t\t\t\t<div class=\"elementor-button-wrapper\">\n\t\t\t<a class=\"elementor-button elementor-button-link elementor-size-lg\" href=\"\/es\/appointments\/\">\n\t\t\t\t\t\t<span class=\"elementor-button-content-wrapper\">\n\t\t\t\t\t\t\t\t\t<span class=\"elementor-button-text\">Ver M\u00e1s<\/span>\n\t\t\t\t\t<\/span>\n\t\t\t\t\t<\/a>\n\t\t<\/div>\n\t\t\t\t<\/div>\n\t\t\t\t<\/div>\n\t\t\t\t\t<\/div>\n\t\t<\/div>\n\t\t\t\t\t<\/div>\n\t\t<\/section>\n\t\t\t\t<\/div>\n\t\t\t\t<\/div>\n\t\t\t\t<\/div>\n\t\t\t\t<\/div>\n\t\t\t\t\t<\/div>\n\t\t<\/div>\n\t\t\t\t\t<\/div>\n\t\t<\/section>\n\t\t\t\t<\/div>","protected":false},"excerpt":{"rendered":"<p>Environmental Awareness https:\/\/www.youtube.com\/watch?v=nvSR756H4e4 San Patricio MEDFLIX has adopted environmental awareness as part of its corporate culture. We are committed to our patient\u2019s health, and a great role in our health is found in our planet\u2019s wellbeing. San Patricio MEDFLIX has drastically reduced the use of paper in its daily operations and adjustments have been made [&hellip;]<\/p>","protected":false},"author":1,"featured_media":0,"parent":0,"menu_order":0,"comment_status":"closed","ping_status":"closed","template":"","meta":{"ocean_post_layout":"full-screen","ocean_both_sidebars_style":"","ocean_both_sidebars_content_width":0,"ocean_both_sidebars_sidebars_width":0,"ocean_sidebar":"0","ocean_second_sidebar":"0","ocean_disable_margins":"on","ocean_add_body_class":"","ocean_shortcode_before_top_bar":"","ocean_shortcode_after_top_bar":"","ocean_shortcode_before_header":"","ocean_shortcode_after_header":"","ocean_has_shortcode":"","ocean_shortcode_after_title":"","ocean_shortcode_before_footer_widgets":"","ocean_shortcode_after_footer_widgets":"","ocean_shortcode_before_footer_bottom":"","ocean_shortcode_after_footer_bottom":"","ocean_display_top_bar":"default","ocean_display_header":"default","ocean_header_style":"","ocean_center_header_left_menu":"0","ocean_custom_header_template":"0","ocean_custom_logo":0,"ocean_custom_retina_logo":0,"ocean_custom_logo_max_width":0,"ocean_custom_logo_tablet_max_width":0,"ocean_custom_logo_mobile_max_width":0,"ocean_custom_logo_max_height":0,"ocean_custom_logo_tablet_max_height":0,"ocean_custom_logo_mobile_max_height":0,"ocean_header_custom_menu":"0","ocean_menu_typo_font_family":"0","ocean_menu_typo_font_subset":"","ocean_menu_typo_font_size":0,"ocean_menu_typo_font_size_tablet":0,"ocean_menu_typo_font_size_mobile":0,"ocean_menu_typo_font_size_unit":"px","ocean_menu_typo_font_weight":"","ocean_menu_typo_font_weight_tablet":"","ocean_menu_typo_font_weight_mobile":"","ocean_menu_typo_transform":"","ocean_menu_typo_transform_tablet":"","ocean_menu_typo_transform_mobile":"","ocean_menu_typo_line_height":0,"ocean_menu_typo_line_height_tablet":0,"ocean_menu_typo_line_height_mobile":0,"ocean_menu_typo_line_height_unit":"","ocean_menu_typo_spacing":0,"ocean_menu_typo_spacing_tablet":0,"ocean_menu_typo_spacing_mobile":0,"ocean_menu_typo_spacing_unit":"","ocean_menu_link_color":"","ocean_menu_link_color_hover":"","ocean_menu_link_color_active":"","ocean_menu_link_background":"","ocean_menu_link_hover_background":"","ocean_menu_link_active_background":"","ocean_menu_social_links_bg":"","ocean_menu_social_hover_links_bg":"","ocean_menu_social_links_color":"","ocean_menu_social_hover_links_color":"","ocean_disable_title":"default","ocean_disable_heading":"default","ocean_post_title":"","ocean_post_subheading":"","ocean_post_title_style":"","ocean_post_title_background_color":"","ocean_post_title_background":0,"ocean_post_title_bg_image_position":"","ocean_post_title_bg_image_attachment":"","ocean_post_title_bg_image_repeat":"","ocean_post_title_bg_image_size":"","ocean_post_title_height":0,"ocean_post_title_bg_overlay":0.5,"ocean_post_title_bg_overlay_color":"","ocean_disable_breadcrumbs":"default","ocean_breadcrumbs_color":"","ocean_breadcrumbs_separator_color":"","ocean_breadcrumbs_links_color":"","ocean_breadcrumbs_links_hover_color":"","ocean_display_footer_widgets":"default","ocean_display_footer_bottom":"default","ocean_custom_footer_template":"0","footnotes":""},"class_list":["post-1876","page","type-page","status-publish","hentry","entry"],"_links":{"self":[{"href":"https:\/\/spmedflix.com\/es\/wp-json\/wp\/v2\/pages\/1876"}],"collection":[{"href":"https:\/\/spmedflix.com\/es\/wp-json\/wp\/v2\/pages"}],"about":[{"href":"https:\/\/spmedflix.com\/es\/wp-json\/wp\/v2\/types\/page"}],"author":[{"embeddable":true,"href":"https:\/\/spmedflix.com\/es\/wp-json\/wp\/v2\/users\/1"}],"replies":[{"embeddable":true,"href":"https:\/\/spmedflix.com\/es\/wp-json\/wp\/v2\/comments?post=1876"}],"version-history":[{"count":26,"href":"https:\/\/spmedflix.com\/es\/wp-json\/wp\/v2\/pages\/1876\/revisions"}],"predecessor-version":[{"id":3874,"href":"https:\/\/spmedflix.com\/es\/wp-json\/wp\/v2\/pages\/1876\/revisions\/3874"}],"wp:attachment":[{"href":"https:\/\/spmedflix.com\/es\/wp-json\/wp\/v2\/media?parent=1876"}],"curies":[{"name":"wp","href":"https:\/\/api.w.org\/{rel}","templated":true}]}}